{"id":293,"date":"2026-02-28T00:25:39","date_gmt":"2026-02-27T23:25:39","guid":{"rendered":"https:\/\/humnet.snlt.es\/?page_id=293"},"modified":"2026-02-28T00:25:39","modified_gmt":"2026-02-27T23:25:39","slug":"diccionario","status":"publish","type":"page","link":"https:\/\/humnet.snlt.es\/en\/diccionario\/","title":{"rendered":"Diccionario"},"content":{"rendered":"<div id=\"pl-293\"  class=\"panel-layout\" ><div id=\"pg-293-0\"  class=\"panel-grid panel-no-style\" ><div id=\"pgc-293-0-0\"  class=\"panel-grid-cell\" ><div id=\"panel-293-0-0-0\" class=\"widget_text so-panel widget widget_custom_html panel-first-child panel-last-child\" data-index=\"0\" ><div class=\"textwidget custom-html-widget\">\n\t<div class=\"busca-diccionario\">\n\t\t<form method=\"GET\" action=\"https:\/\/humnet.snlt.es\/en\/diccionario\/\" class=\"frm-diccionario\">\n\t\t\t<input type=\"text\" id=\"q\" name=\"q\" placeholder=\"Buscar...\" value=\"\">\n\t\t\t<button type=\"reset\" onclick=\"event.preventDefault(); document.getElementById('q').value=''\">Limpiar<\/button>\n\t\t\t<button type=\"submit\">Buscar<\/button>\n\t\t<\/form>\n\t<\/div>\n\n\t\n\t\t<div class=\"sin_busqueda\">\n\t\t\t<div class=\"meme_semanal\">\n\t\t\t\t<h2>Meme de la semana<\/h2>\n\t\t\t\t<img decoding=\"async\" src=\"\/corpus\/buscador\/img\/46668559.png\">\t\t\t\n\t\t\t<\/div>\n\t\t\t<div class=\"dic_descripcion\">\n\t\t\t\t<p>Este diccionario recoge expresiones coloquiales, modismos regionales y t\u00e9rminos del argot de internet con el prop\u00f3sito de facilitar la comprensi\u00f3n de las muestras incluidas en la base de datos <span style=\"color: #800080;\"><b>Humnet<\/b><\/span>. En concreto, se describen y\/o aclaran palabras o expresiones que pueden resultar poco conocidas, ambiguas o propias de determinados contextos comunicativos, especialmente aquellos vinculados a las redes sociales y a los entornos digitales. El diccionario se actualiza de forma continua conforme se incorporan nuevos usos y significados documentados en el corpus.<\/p>\t\t\t\n\t\t<\/div>\n\n\t\t<\/div>\n\n\t    <\/div><\/div><\/div><\/div><\/div>","protected":false},"excerpt":{"rendered":"<p>Limpiar Buscar Meme de la semana Este diccionario recoge expresiones coloquiales, modismos regionales y t\u00e9rminos del argot de internet con el prop\u00f3sito de facilitar la comprensi\u00f3n de las muestras incluidas en la base de datos Humnet. En concreto, se describen y\/o aclaran palabras o expresiones que pueden resultar poco conocidas, ambiguas o propias de determinados [&hellip;]<\/p>\n","protected":false},"author":1,"featured_media":0,"parent":0,"menu_order":0,"comment_status":"closed","ping_status":"closed","template":"","meta":{"footnotes":""},"class_list":["post-293","page","type-page","status-publish","hentry","post"],"_links":{"self":[{"href":"https:\/\/humnet.snlt.es\/en\/wp-json\/wp\/v2\/pages\/293","targetHints":{"allow":["GET"]}}],"collection":[{"href":"https:\/\/humnet.snlt.es\/en\/wp-json\/wp\/v2\/pages"}],"about":[{"href":"https:\/\/humnet.snlt.es\/en\/wp-json\/wp\/v2\/types\/page"}],"author":[{"embeddable":true,"href":"https:\/\/humnet.snlt.es\/en\/wp-json\/wp\/v2\/users\/1"}],"replies":[{"embeddable":true,"href":"https:\/\/humnet.snlt.es\/en\/wp-json\/wp\/v2\/comments?post=293"}],"version-history":[{"count":1,"href":"https:\/\/humnet.snlt.es\/en\/wp-json\/wp\/v2\/pages\/293\/revisions"}],"predecessor-version":[{"id":294,"href":"https:\/\/humnet.snlt.es\/en\/wp-json\/wp\/v2\/pages\/293\/revisions\/294"}],"wp:attachment":[{"href":"https:\/\/humnet.snlt.es\/en\/wp-json\/wp\/v2\/media?parent=293"}],"curies":[{"name":"wp","href":"https:\/\/api.w.org\/{rel}","templated":true}]}}