{"id":265,"date":"2026-02-24T17:39:52","date_gmt":"2026-02-24T16:39:52","guid":{"rendered":"https:\/\/humnet.snlt.es\/?page_id=265"},"modified":"2026-02-27T02:48:49","modified_gmt":"2026-02-27T01:48:49","slug":"estadisticas","status":"publish","type":"page","link":"https:\/\/humnet.snlt.es\/en\/estadisticas\/","title":{"rendered":"Estad\u00edsticas"},"content":{"rendered":"<div id=\"pl-265\"  class=\"panel-layout\" ><div id=\"pg-265-0\"  class=\"panel-grid panel-no-style\" ><div id=\"pgc-265-0-0\"  class=\"panel-grid-cell\" ><div id=\"panel-265-0-0-0\" class=\"so-panel widget widget_sow-image panel-first-child\" data-index=\"0\" ><div\n\t\t\t\n\t\t\tclass=\"so-widget-sow-image so-widget-sow-image-default-c67d20f9f743-265\"\n\t\t\t\n\t\t>\n<div class=\"sow-image-container\">\n\t\t<img \n\tsrc=\"https:\/\/humnet.snlt.es\/wp-content\/uploads\/2026\/02\/ico_muestras.png\" width=\"250\" height=\"250\" srcset=\"https:\/\/humnet.snlt.es\/wp-content\/uploads\/2026\/02\/ico_muestras.png 250w, https:\/\/humnet.snlt.es\/wp-content\/uploads\/2026\/02\/ico_muestras-150x150.png 150w\" sizes=\"(max-width: 250px) 100vw, 250px\" alt=\"\" \t\tclass=\"so-widget-image\"\/>\n\t<\/div>\n\n<\/div><\/div><div id=\"panel-265-0-0-1\" class=\"so-panel widget widget_sow-editor panel-last-child\" data-index=\"1\" ><div\n\t\t\t\n\t\t\tclass=\"so-widget-sow-editor so-widget-sow-editor-base\"\n\t\t\t\n\t\t>\n<div class=\"siteorigin-widget-tinymce textwidget\">\n\t<div class=\"v-muestras\">1321<\/div>\n<div class=\"n-muestras\">Muestras<\/div>\n<\/div>\n<\/div><\/div><\/div><div id=\"pgc-265-0-1\"  class=\"panel-grid-cell\" ><div id=\"panel-265-0-1-0\" class=\"so-panel widget widget_sow-image panel-first-child\" data-index=\"2\" ><div\n\t\t\t\n\t\t\tclass=\"so-widget-sow-image so-widget-sow-image-default-c67d20f9f743-265\"\n\t\t\t\n\t\t>\n<div class=\"sow-image-container\">\n\t\t<img \n\tsrc=\"https:\/\/humnet.snlt.es\/wp-content\/uploads\/2026\/02\/ico_memes.png\" width=\"250\" height=\"250\" srcset=\"https:\/\/humnet.snlt.es\/wp-content\/uploads\/2026\/02\/ico_memes.png 250w, https:\/\/humnet.snlt.es\/wp-content\/uploads\/2026\/02\/ico_memes-150x150.png 150w\" sizes=\"(max-width: 250px) 100vw, 250px\" alt=\"\" \t\tclass=\"so-widget-image\"\/>\n\t<\/div>\n\n<\/div><\/div><div id=\"panel-265-0-1-1\" class=\"so-panel widget widget_sow-editor panel-last-child\" data-index=\"3\" ><div\n\t\t\t\n\t\t\tclass=\"so-widget-sow-editor so-widget-sow-editor-base\"\n\t\t\t\n\t\t>\n<div class=\"siteorigin-widget-tinymce textwidget\">\n\t<div class=\"v-muestras\">1239<\/div>\n<div class=\"n-muestras\">Memes<\/div>\n<\/div>\n<\/div><\/div><\/div><div id=\"pgc-265-0-2\"  class=\"panel-grid-cell\" ><div id=\"panel-265-0-2-0\" class=\"so-panel widget widget_sow-image panel-first-child\" data-index=\"4\" ><div\n\t\t\t\n\t\t\tclass=\"so-widget-sow-image so-widget-sow-image-default-c67d20f9f743-265\"\n\t\t\t\n\t\t>\n<div class=\"sow-image-container\">\n\t\t<img \n\tsrc=\"https:\/\/humnet.snlt.es\/wp-content\/uploads\/2026\/02\/ico_desmotivaciones.png\" width=\"250\" height=\"250\" srcset=\"https:\/\/humnet.snlt.es\/wp-content\/uploads\/2026\/02\/ico_desmotivaciones.png 250w, https:\/\/humnet.snlt.es\/wp-content\/uploads\/2026\/02\/ico_desmotivaciones-150x150.png 150w\" sizes=\"(max-width: 250px) 100vw, 250px\" alt=\"\" \t\tclass=\"so-widget-image\"\/>\n\t<\/div>\n\n<\/div><\/div><div id=\"panel-265-0-2-1\" class=\"so-panel widget widget_sow-editor panel-last-child\" data-index=\"5\" ><div\n\t\t\t\n\t\t\tclass=\"so-widget-sow-editor so-widget-sow-editor-base\"\n\t\t\t\n\t\t>\n<div class=\"siteorigin-widget-tinymce textwidget\">\n\t<div class=\"v-muestras\">35<\/div>\n<div class=\"n-muestras\">Desmotivaciones<\/div>\n<\/div>\n<\/div><\/div><\/div><div id=\"pgc-265-0-3\"  class=\"panel-grid-cell\" ><div id=\"panel-265-0-3-0\" class=\"so-panel widget widget_sow-image panel-first-child\" data-index=\"6\" ><div\n\t\t\t\n\t\t\tclass=\"so-widget-sow-image so-widget-sow-image-default-c67d20f9f743-265\"\n\t\t\t\n\t\t>\n<div class=\"sow-image-container\">\n\t\t<img \n\tsrc=\"https:\/\/humnet.snlt.es\/wp-content\/uploads\/2026\/02\/ico_chistes.png\" width=\"250\" height=\"250\" srcset=\"https:\/\/humnet.snlt.es\/wp-content\/uploads\/2026\/02\/ico_chistes.png 250w, https:\/\/humnet.snlt.es\/wp-content\/uploads\/2026\/02\/ico_chistes-150x150.png 150w\" sizes=\"(max-width: 250px) 100vw, 250px\" alt=\"\" \t\tclass=\"so-widget-image\"\/>\n\t<\/div>\n\n<\/div><\/div><div id=\"panel-265-0-3-1\" class=\"so-panel widget widget_sow-editor panel-last-child\" data-index=\"7\" ><div\n\t\t\t\n\t\t\tclass=\"so-widget-sow-editor so-widget-sow-editor-base\"\n\t\t\t\n\t\t>\n<div class=\"siteorigin-widget-tinymce textwidget\">\n\t<div class=\"v-muestras\">36<\/div>\n<div class=\"n-muestras\">Chistes<\/div>\n<\/div>\n<\/div><\/div><\/div><div id=\"pgc-265-0-4\"  class=\"panel-grid-cell\" ><div id=\"panel-265-0-4-0\" class=\"so-panel widget widget_sow-image panel-first-child\" data-index=\"8\" ><div\n\t\t\t\n\t\t\tclass=\"so-widget-sow-image so-widget-sow-image-default-c67d20f9f743-265\"\n\t\t\t\n\t\t>\n<div class=\"sow-image-container\">\n\t\t<img \n\tsrc=\"https:\/\/humnet.snlt.es\/wp-content\/uploads\/2026\/02\/ico_posts.png\" width=\"250\" height=\"250\" srcset=\"https:\/\/humnet.snlt.es\/wp-content\/uploads\/2026\/02\/ico_posts.png 250w, https:\/\/humnet.snlt.es\/wp-content\/uploads\/2026\/02\/ico_posts-150x150.png 150w\" sizes=\"(max-width: 250px) 100vw, 250px\" alt=\"\" \t\tclass=\"so-widget-image\"\/>\n\t<\/div>\n\n<\/div><\/div><div id=\"panel-265-0-4-1\" class=\"so-panel widget widget_sow-editor panel-last-child\" data-index=\"9\" ><div\n\t\t\t\n\t\t\tclass=\"so-widget-sow-editor so-widget-sow-editor-base\"\n\t\t\t\n\t\t>\n<div class=\"siteorigin-widget-tinymce textwidget\">\n\t<div class=\"v-muestras\">11<\/div>\n<div class=\"n-muestras\">Posts de humor<\/div>\n<\/div>\n<\/div><\/div><\/div><\/div><div id=\"pg-265-1\"  class=\"panel-grid panel-has-style\" ><div class=\"panel-row-style panel-row-style-for-265-1\" ><div id=\"pgc-265-1-0\"  class=\"panel-grid-cell\" ><div id=\"panel-265-1-0-0\" class=\"so-panel widget widget_sow-editor panel-first-child panel-last-child\" data-index=\"10\" ><div\n\t\t\t\n\t\t\tclass=\"so-widget-sow-editor so-widget-sow-editor-base\"\n\t\t\t\n\t\t><h3 class=\"widget-title\">Samples by country<\/h3>\n<div class=\"siteorigin-widget-tinymce textwidget\">\n\t    <div id=\"grafica_chistes\" style=\"width: 100%; height: auto;\"><\/div>\n    <script type=\"text\/javascript\" src=\"https:\/\/www.gstatic.com\/charts\/loader.js\"><\/script>\n    <script type=\"text\/javascript\">\n      google.charts.load(\"current\", {packages:[\"corechart\"]});\n      google.charts.setOnLoadCallback(drawChart);\n      function drawChart() {\n        var data = google.visualization.arrayToDataTable([\n          ['Pais', 'Porcentaje'],\n          ['Espa\u00f1a', 37.50],['M\u00e9xico', 12.05],['Estados Unidos', 7.50],['Uruguay', 6.29],['Pa\u00eds no identificado', 4.92],['Honduras', 4.17],['Per\u00fa', 4.02],['El Salvador', 2.88],['Colombia', 2.65],['Venezuela', 2.27],['Bolivia', 2.27],['Argentina', 2.20],['Chile', 1.89],['Rep\u00fablica Dominicana', 1.59],['Costa Rica', 1.59],['Panam\u00e1', 1.52],['Guatemala', 1.52],['Guinea Ecuatorial', 1.21],['Ecuador', 0.83],['Paraguay', 0.68],['Cuba', 0.38],['Puerto Rico', 0.08]        ]);\n\n        var options = {\n          title: 'Distribuci\u00f3n por pa\u00eds',\n          sliceVisibilityThreshold: 0,\n          pieHole: 0.4,\n          colors: [\n            \"#7ed7c1\",\"#b06161\",\"#f2c6b4\",\"#e8a0bf\",\"#8eaccd\",\n            \"#d8e2dc\",\"#ffe5d9\",\"#9d8189\",\"#6ba8a9\",\"#c2847a\",\n            \"#f7d6bf\",\"#d5b9b2\",\"#a3c4f3\",\"#b5e2fa\",\"#c9ada7\",\n            \"#e3d5ca\",\"#f4acb7\",\"#9ad1d4\",\"#b8bedd\",\"#d0bdf4\",\n            \"#e8c2ca\",\"#c6def1\",\"#dbcdf0\",\"#f7e1d7\",\"#b9fbc0\",\n            \"#ffb4a2\",\"#e5989b\",\"#b5838d\",\"#6d6875\",\"#84a59d\"\n          ],\n          chartArea: { left: 0, top: 6, width: '100%', height: '90%' },\n          pieSliceText: 'none',\n          legend: { position: 'labeled' },\n          pieSliceTextStyle: { color: 'black', fontSize: 8 }\n        };\n\n        var chart = new google.visualization.PieChart(document.getElementById('grafica_chistes'));\n        chart.draw(data, options);\n      }\n    <\/script>\n    \n<\/div>\n<\/div><\/div><\/div><div id=\"pgc-265-1-1\"  class=\"panel-grid-cell\" ><div id=\"panel-265-1-1-0\" class=\"so-panel widget widget_sow-editor panel-first-child panel-last-child\" data-index=\"11\" ><div\n\t\t\t\n\t\t\tclass=\"so-widget-sow-editor so-widget-sow-editor-base\"\n\t\t\t\n\t\t><h3 class=\"widget-title\">Samples per year<\/h3>\n<div class=\"siteorigin-widget-tinymce textwidget\">\n\t    <div id=\"grafica_anio\" style=\"width: 100%; height: 250px;\"><\/div>\n    <script type=\"text\/javascript\" src=\"https:\/\/www.gstatic.com\/charts\/loader.js\"><\/script>\n    <script type=\"text\/javascript\">\n      google.charts.load(\"current\", {packages:[\"corechart\"]});\n      google.charts.setOnLoadCallback(drawChartAnio);\n\n      function drawChartAnio() {\n\n        var data = google.visualization.arrayToDataTable([\n          ['A\u00f1o', 'Porcentaje'],\n          ['2004', 0.08],['2007', 0.08],['2010', 0.45],['2011', 0.98],['2012', 2.95],['2013', 2.04],['2014', 5.83],['2015', 5.37],['2016', 2.42],['2017', 5.98],['2018', 5.68],['2019', 10.83],['2020', 7.95],['2021', 8.4],['2022', 10.14],['2023', 2.04],['2024', 9.92],['2025', 14.46],['2026', 4.39]        ]);\n\n        var options = {\n          title: '',\n          legend: 'none',\n\n          colors: [\n            \"#7ed7c1\",\"#b06161\",\"#f2c6b4\",\"#e8a0bf\",\"#8eaccd\",\n            \"#d8e2dc\",\"#ffe5d9\",\"#9d8189\",\"#6ba8a9\",\"#c2847a\",\n            \"#f7d6bf\",\"#d5b9b2\",\"#a3c4f3\",\"#b5e2fa\",\"#c9ada7\",\n            \"#e3d5ca\",\"#f4acb7\",\"#9ad1d4\",\"#b8bedd\",\"#d0bdf4\",\n            \"#e8c2ca\",\"#c6def1\",\"#dbcdf0\",\"#f7e1d7\",\"#b9fbc0\",\n            \"#ffb4a2\",\"#e5989b\",\"#b5838d\",\"#6d6875\",\"#84a59d\"\n          ],\n\n          chartArea: { left: 30, top: 5, width: '90%', height: '80%' },\n\n          vAxis: { \n            title: '',\n            viewWindow: { min: 0, max: 15 },\n            ticks: [0,5,10,15],\n            format: '#\\'%\\''\n          },\n\n          hAxis: { \n            title: '',\n            textStyle: { fontSize: 10 }\n          },\n\n          bar: { groupWidth: \"55%\" },\n\n          annotations: {\n            alwaysOutside: true,\n            textStyle: { fontSize: 10, color: '#000' },\n            format: '#\\'%\\''\n          }\n        };\n\n        var chart = new google.visualization.ColumnChart(document.getElementById('grafica_anio'));\n        chart.draw(data, options);\n      }\n    <\/script>\n    \n<\/div>\n<\/div><\/div><\/div><\/div><\/div><div id=\"pg-265-2\"  class=\"panel-grid panel-no-style\" ><div id=\"pgc-265-2-0\"  class=\"panel-grid-cell\" ><div id=\"panel-265-2-0-0\" class=\"so-panel widget widget_sow-editor panel-first-child panel-last-child\" data-index=\"12\" ><div\n\t\t\t\n\t\t\tclass=\"so-widget-sow-editor so-widget-sow-editor-base\"\n\t\t\t\n\t\t><h3 class=\"widget-title\">Samples by type<\/h3>\n<div class=\"siteorigin-widget-tinymce textwidget\">\n\t    <div id=\"grafica_tipos\" style=\"width: 100%; height: auto;\"><\/div>\n    <script type=\"text\/javascript\" src=\"https:\/\/www.gstatic.com\/charts\/loader.js\"><\/script>\n    <script type=\"text\/javascript\">\n      google.charts.load(\"current\", {packages:[\"corechart\"]});\n      google.charts.setOnLoadCallback(drawChartTipos);\n\n      function drawChartTipos() {\n        var data = google.visualization.arrayToDataTable([\n          ['Tipo', 'Porcentaje'],\n          ['meme', 93.79],['chiste', 2.73],['desmotivaci\u00f3n', 2.65],['post humor', 0.83]        ]);\n\n        var options = {\n          title: 'Distribuci\u00f3n por tipo',\n          sliceVisibilityThreshold: 0,\n          pieHole: 0.4,\n          colors: [\n            \"#7ed7c1\",\"#b06161\",\"#f2c6b4\",\"#e8a0bf\",\"#8eaccd\",\n            \"#d8e2dc\",\"#ffe5d9\",\"#9d8189\",\"#6ba8a9\",\"#c2847a\",\n            \"#f7d6bf\",\"#d5b9b2\",\"#a3c4f3\",\"#b5e2fa\",\"#c9ada7\",\n            \"#e3d5ca\",\"#f4acb7\",\"#9ad1d4\",\"#b8bedd\",\"#d0bdf4\",\n            \"#e8c2ca\",\"#c6def1\",\"#dbcdf0\",\"#f7e1d7\",\"#b9fbc0\",\n            \"#ffb4a2\",\"#e5989b\",\"#b5838d\",\"#6d6875\",\"#84a59d\"\n          ],\n          chartArea: { left: 0, top: 6, width: '100%', height: '90%' },\n          pieSliceText: 'none',\n          legend: { position: 'labeled' },\n          pieSliceTextStyle: { color: 'black', fontSize: 8 }\n        };\n\n        var chart = new google.visualization.PieChart(document.getElementById('grafica_tipos'));\n        chart.draw(data, options);\n      }\n    <\/script>\n    \n<\/div>\n<\/div><\/div><\/div><div id=\"pgc-265-2-1\"  class=\"panel-grid-cell\" ><div id=\"panel-265-2-1-0\" class=\"so-panel widget widget_sow-editor panel-first-child panel-last-child\" data-index=\"13\" ><div\n\t\t\t\n\t\t\tclass=\"so-widget-sow-editor so-widget-sow-editor-base\"\n\t\t\t\n\t\t><h3 class=\"widget-title\">Samples by format<\/h3>\n<div class=\"siteorigin-widget-tinymce textwidget\">\n\t    <div id=\"grafica_formato\" style=\"width: 100%; height: auto;\"><\/div>\n    <script type=\"text\/javascript\" src=\"https:\/\/www.gstatic.com\/charts\/loader.js\"><\/script>\n    <script type=\"text\/javascript\">\n      google.charts.load(\"current\", {packages:[\"corechart\"]});\n      google.charts.setOnLoadCallback(drawChartFormato);\n\n      function drawChartFormato() {\n        var data = google.visualization.arrayToDataTable([\n          ['Formato', 'Porcentaje'],\n          ['imagen', 96.21],['gif', 1.97],['texto', 0.98],['v\u00eddeo', 0.61],['multiformato', 0.23]        ]);\n\n        var options = {\n          title: 'Distribuci\u00f3n por formato',\n          sliceVisibilityThreshold: 0,\n          pieHole: 0.4,\n          colors: [\n            \"#7ed7c1\",\"#b06161\",\"#f2c6b4\",\"#e8a0bf\",\"#8eaccd\",\n            \"#d8e2dc\",\"#ffe5d9\",\"#9d8189\",\"#6ba8a9\",\"#c2847a\",\n            \"#f7d6bf\",\"#d5b9b2\",\"#a3c4f3\",\"#b5e2fa\",\"#c9ada7\",\n            \"#e3d5ca\",\"#f4acb7\",\"#9ad1d4\",\"#b8bedd\",\"#d0bdf4\",\n            \"#e8c2ca\",\"#c6def1\",\"#dbcdf0\",\"#f7e1d7\",\"#b9fbc0\",\n            \"#ffb4a2\",\"#e5989b\",\"#b5838d\",\"#6d6875\",\"#84a59d\"\n          ],\n          chartArea: { left: 0, top: 6, width: '100%', height: '90%' },\n          pieSliceText: 'none',\n          legend: { position: 'labeled' },\n          pieSliceTextStyle: { color: 'black', fontSize: 8 }\n        };\n\n        var chart = new google.visualization.PieChart(document.getElementById('grafica_formato'));\n        chart.draw(data, options);\n      }\n    <\/script>\n    \n<\/div>\n<\/div><\/div><\/div><\/div><\/div>","protected":false},"excerpt":{"rendered":"<p>Muestras Memes Desmotivaciones Chistes Posts de humor<\/p>\n","protected":false},"author":1,"featured_media":0,"parent":0,"menu_order":0,"comment_status":"closed","ping_status":"closed","template":"","meta":{"footnotes":""},"class_list":["post-265","page","type-page","status-publish","hentry","post"],"_links":{"self":[{"href":"https:\/\/humnet.snlt.es\/en\/wp-json\/wp\/v2\/pages\/265","targetHints":{"allow":["GET"]}}],"collection":[{"href":"https:\/\/humnet.snlt.es\/en\/wp-json\/wp\/v2\/pages"}],"about":[{"href":"https:\/\/humnet.snlt.es\/en\/wp-json\/wp\/v2\/types\/page"}],"author":[{"embeddable":true,"href":"https:\/\/humnet.snlt.es\/en\/wp-json\/wp\/v2\/users\/1"}],"replies":[{"embeddable":true,"href":"https:\/\/humnet.snlt.es\/en\/wp-json\/wp\/v2\/comments?post=265"}],"version-history":[{"count":18,"href":"https:\/\/humnet.snlt.es\/en\/wp-json\/wp\/v2\/pages\/265\/revisions"}],"predecessor-version":[{"id":292,"href":"https:\/\/humnet.snlt.es\/en\/wp-json\/wp\/v2\/pages\/265\/revisions\/292"}],"wp:attachment":[{"href":"https:\/\/humnet.snlt.es\/en\/wp-json\/wp\/v2\/media?parent=265"}],"curies":[{"name":"wp","href":"https:\/\/api.w.org\/{rel}","templated":true}]}}